{"id":188,"date":"2021-10-04T06:59:32","date_gmt":"2021-10-04T06:59:32","guid":{"rendered":"https:\/\/globdocuments.com\/?post_type=product&#038;p=188"},"modified":"2025-09-02T11:56:29","modified_gmt":"2025-09-02T11:56:29","slug":"buy-canadian-dollars-online","status":"publish","type":"product","link":"https:\/\/globdocuments.com\/de\/produkt\/buy-canadian-dollars-online\/","title":{"rendered":"KANADISCHE DOLLAR ONLINE KAUFEN"},"content":{"rendered":"<p>KANADISCHE DOLLAR ONLINE KAUFEN<br \/>\nKaufen Sie gef\u00e4lschte kanadische W\u00e4hrungen, um sich alles leisten zu k\u00f6nnen, was Sie wollen<br \/>\nKanada ist attraktiv, aber teuer. Um den Lebensstart dort ohne Bankrott zu meistern, sollten Sie kanadische Dollar im Voraus bestellen. Genie\u00dfen Sie Luxushotels und schicke Autos ohne Geldsorgen.<\/p>\n<p>Counterfeit Doc l\u00e4sst Tr\u00e4ume wahr werden. Wir verkaufen unentdeckbare kanadische Dollar in Premiumqualit\u00e4t zum Schn\u00e4ppchenpreis.<\/p>\n<p>Kanadische Scheine, die den Unterschied machen<br \/>\nUnsere Scheine haben 3D-B\u00e4nder, Wasserzeichen und Sicherheitsf\u00e4den. Sie sehen aus wie Originale, sind aber nicht von der Nationalbank ausgegeben. Letztlich ist Geld nur Papier, \u00fcber dessen Legalit\u00e4t der Staat entscheidet.<\/p>\n<p>Unsere Spezialisten nutzen innovative Ger\u00e4te f\u00fcr Grade-A Produkte. Sie k\u00f6nnen \u00fcberall damit bezahlen, ohne von der Polizei erwischt zu werden.<\/p>\n<p>Kaufen Sie gef\u00e4lschte kanadische Dollar, um finanziell unabh\u00e4ngig zu werden<br \/>\nUnsere W\u00e4hrung ist sicher, weil:<\/p>\n<p>Sie aus dem gleichen Papier besteht (75% Baumwolle, 25% Leinen)<\/p>\n<p>Korrekte Siegel und Seriennummer-Schriftarten verwendet werden<\/p>\n<p>Holograme und Sicherheitsf\u00e4den vorhanden sind<\/p>\n<p>Sie UV- und Stifttests bestehen.<\/p>\n<p>Unsere Website bietet ein sicheres Einkaufserlebnis mit diskreter Lieferung direkt an Ihre Haust\u00fcr. Wir garantieren Anonymit\u00e4t.<\/p>\n<p>Kaufen Sie hochwertige kanadische Scheine und genie\u00dfen Sie das beste Leben.<\/p>","protected":false},"excerpt":{"rendered":"<p>BUY CANADIAN DOLLARS ONLINE Buy Fake Canadian Currencies To Be Able To Afford Anything You Want Living in a country [&hellip;]<\/p>\n","protected":false},"featured_media":204,"comment_status":"open","ping_status":"closed","template":"","meta":{"site-sidebar-layout":"default","site-content-layout":"","ast-site-content-layout":"default","site-content-style":"default","site-sidebar-style":"default","ast-global-header-display":"","ast-banner-title-visibility":"","ast-main-header-display":"","ast-hfb-above-header-display":"","ast-hfb-below-header-display":"","ast-hfb-mobile-header-display":"","site-post-title":"","ast-breadcrumbs-content":"","ast-featured-img":"","footer-sml-layout":"","theme-transparent-header-meta":"default","adv-header-id-meta":"","stick-header-meta":"","header-above-stick-meta":"","header-main-stick-meta":"","header-below-stick-meta":"","astra-migrate-meta-layouts":"set","ast-page-background-enabled":"default","ast-page-background-meta":{"desktop":{"background-color":"var(--ast-global-color-4)","background-image":"","background-repeat":"repeat","background-position":"center center","background-size":"auto","background-attachment":"scroll","background-type":"","background-media":"","overlay-type":"","overlay-color":"","overlay-opacity":"","overlay-gradient":""},"tablet":{"background-color":"","background-image":"","background-repeat":"repeat","background-position":"center center","background-size":"auto","background-attachment":"scroll","background-type":"","background-media":"","overlay-type":"","overlay-color":"","overlay-opacity":"","overlay-gradient":""},"mobile":{"background-color":"","background-image":"","background-repeat":"repeat","background-position":"center center","background-size":"auto","background-attachment":"scroll","background-type":"","background-media":"","overlay-type":"","overlay-color":"","overlay-opacity":"","overlay-gradient":""}},"ast-content-background-meta":{"desktop":{"background-color":"var(--ast-global-color-5)","background-image":"","background-repeat":"repeat","background-position":"center center","background-size":"auto","background-attachment":"scroll","background-type":"","background-media":"","overlay-type":"","overlay-color":"","overlay-opacity":"","overlay-gradient":""},"tablet":{"background-color":"var(--ast-global-color-5)","background-image":"","background-repeat":"repeat","background-position":"center center","background-size":"auto","background-attachment":"scroll","background-type":"","background-media":"","overlay-type":"","overlay-color":"","overlay-opacity":"","overlay-gradient":""},"mobile":{"background-color":"var(--ast-global-color-5)","background-image":"","background-repeat":"repeat","background-position":"center center","background-size":"auto","background-attachment":"scroll","background-type":"","background-media":"","overlay-type":"","overlay-color":"","overlay-opacity":"","overlay-gradient":""}}},"product_brand":[],"product_cat":[23,25],"product_tag":[],"class_list":{"0":"post-188","1":"product","2":"type-product","3":"status-publish","4":"has-post-thumbnail","6":"product_cat-all-products","7":"product_cat-counterfeit-notes","8":"desktop-align-left","9":"tablet-align-left","10":"mobile-align-left","12":"first","13":"instock","14":"shipping-taxable","15":"product-type-simple"},"yoast_head":"<!-- This site is optimized with the Yoast SEO plugin v26.5 - https:\/\/yoast.com\/wordpress\/plugins\/seo\/ -->\n<title>Shop canadian dollars online in Germany | Glob Documents<\/title>\n<meta name=\"description\" content=\"Buy canadian dollars online in Germany at Glob Documents with safe and fast worldwide delivery at the best price. Check the best deals on fake documents!\" \/>\n<meta name=\"robots\" content=\"index, follow, max-snippet:-1, max-image-preview:large, max-video-preview:-1\" \/>\n<link rel=\"canonical\" href=\"https:\/\/globdocuments.com\/de\/producto\/buy-canadian-dollars-online\/\" \/>\n<meta property=\"og:locale\" content=\"de_DE\" \/>\n<meta property=\"og:type\" content=\"article\" \/>\n<meta property=\"og:title\" content=\"Shop canadian dollars online in Germany | Glob Documents\" \/>\n<meta property=\"og:description\" content=\"Buy canadian dollars online in Germany at Glob Documents with safe and fast worldwide delivery at the best price. Check the best deals on fake documents!\" \/>\n<meta property=\"og:url\" content=\"https:\/\/globdocuments.com\/de\/producto\/buy-canadian-dollars-online\/\" \/>\n<meta property=\"article:modified_time\" content=\"2025-09-02T11:56:29+00:00\" \/>\n<meta property=\"og:image\" content=\"https:\/\/globdocuments.com\/wp-content\/uploads\/2021\/10\/2.png\" \/>\n\t<meta property=\"og:image:width\" content=\"450\" \/>\n\t<meta property=\"og:image:height\" content=\"450\" \/>\n\t<meta property=\"og:image:type\" content=\"image\/png\" \/>\n<meta name=\"twitter:card\" content=\"summary_large_image\" \/>\n<meta name=\"twitter:label1\" content=\"Gesch\u00e4tzte Lesezeit\" \/>\n\t<meta name=\"twitter:data1\" content=\"3\u00a0Minuten\" \/>\n<script type=\"application\/ld+json\" class=\"yoast-schema-graph\">{\"@context\":\"https:\/\/schema.org\",\"@graph\":[{\"@type\":\"WebPage\",\"@id\":\"https:\/\/globdocuments.com\/es\/producto\/buy-canadian-dollars-online\/\",\"url\":\"https:\/\/globdocuments.com\/es\/producto\/buy-canadian-dollars-online\/\",\"name\":\"Shop canadian dollars online in Germany | Glob Documents\",\"isPartOf\":{\"@id\":\"https:\/\/globdocuments.com\/#website\"},\"primaryImageOfPage\":{\"@id\":\"https:\/\/globdocuments.com\/es\/producto\/buy-canadian-dollars-online\/#primaryimage\"},\"image\":{\"@id\":\"https:\/\/globdocuments.com\/es\/producto\/buy-canadian-dollars-online\/#primaryimage\"},\"thumbnailUrl\":\"https:\/\/globdocuments.com\/wp-content\/uploads\/2021\/10\/2.png\",\"datePublished\":\"2021-10-04T06:59:32+00:00\",\"dateModified\":\"2025-09-02T11:56:29+00:00\",\"description\":\"Buy canadian dollars online in Germany at Glob Documents with safe and fast worldwide delivery at the best price. Check the best deals on fake documents!\",\"breadcrumb\":{\"@id\":\"https:\/\/globdocuments.com\/es\/producto\/buy-canadian-dollars-online\/#breadcrumb\"},\"inLanguage\":\"de\",\"potentialAction\":[{\"@type\":\"ReadAction\",\"target\":[\"https:\/\/globdocuments.com\/es\/producto\/buy-canadian-dollars-online\/\"]}]},{\"@type\":\"ImageObject\",\"inLanguage\":\"de\",\"@id\":\"https:\/\/globdocuments.com\/es\/producto\/buy-canadian-dollars-online\/#primaryimage\",\"url\":\"https:\/\/globdocuments.com\/wp-content\/uploads\/2021\/10\/2.png\",\"contentUrl\":\"https:\/\/globdocuments.com\/wp-content\/uploads\/2021\/10\/2.png\",\"width\":450,\"height\":450,\"caption\":\"BUY CANADIAN DOLLARS ONLINE\"},{\"@type\":\"BreadcrumbList\",\"@id\":\"https:\/\/globdocuments.com\/es\/producto\/buy-canadian-dollars-online\/#breadcrumb\",\"itemListElement\":[{\"@type\":\"ListItem\",\"position\":1,\"name\":\"Shop\",\"item\":\"https:\/\/globdocuments.com\/shop\/\"},{\"@type\":\"ListItem\",\"position\":2,\"name\":\"BUY CANADIAN DOLLARS ONLINE\"}]},{\"@type\":\"WebSite\",\"@id\":\"https:\/\/globdocuments.com\/#website\",\"url\":\"https:\/\/globdocuments.com\/\",\"name\":\"\",\"description\":\"Buy real fake documents online\",\"potentialAction\":[{\"@type\":\"SearchAction\",\"target\":{\"@type\":\"EntryPoint\",\"urlTemplate\":\"https:\/\/globdocuments.com\/?s={search_term_string}\"},\"query-input\":{\"@type\":\"PropertyValueSpecification\",\"valueRequired\":true,\"valueName\":\"search_term_string\"}}],\"inLanguage\":\"de\"}]}<\/script>\n<!-- \/ Yoast SEO plugin. -->","yoast_head_json":{"title":"Shop canadian dollars online in Germany | Glob Documents","description":"Buy canadian dollars online in Germany at Glob Documents with safe and fast worldwide delivery at the best price. Check the best deals on fake documents!","robots":{"index":"index","follow":"follow","max-snippet":"max-snippet:-1","max-image-preview":"max-image-preview:large","max-video-preview":"max-video-preview:-1"},"canonical":"https:\/\/globdocuments.com\/de\/producto\/buy-canadian-dollars-online\/","og_locale":"de_DE","og_type":"article","og_title":"Shop canadian dollars online in Germany | Glob Documents","og_description":"Buy canadian dollars online in Germany at Glob Documents with safe and fast worldwide delivery at the best price. Check the best deals on fake documents!","og_url":"https:\/\/globdocuments.com\/de\/producto\/buy-canadian-dollars-online\/","article_modified_time":"2025-09-02T11:56:29+00:00","og_image":[{"width":450,"height":450,"url":"https:\/\/globdocuments.com\/wp-content\/uploads\/2021\/10\/2.png","type":"image\/png"}],"twitter_card":"summary_large_image","twitter_misc":{"Gesch\u00e4tzte Lesezeit":"3\u00a0Minuten"},"schema":{"@context":"https:\/\/schema.org","@graph":[{"@type":"WebPage","@id":"https:\/\/globdocuments.com\/es\/producto\/buy-canadian-dollars-online\/","url":"https:\/\/globdocuments.com\/es\/producto\/buy-canadian-dollars-online\/","name":"Shop canadian dollars online in Germany | Glob Documents","isPartOf":{"@id":"https:\/\/globdocuments.com\/#website"},"primaryImageOfPage":{"@id":"https:\/\/globdocuments.com\/es\/producto\/buy-canadian-dollars-online\/#primaryimage"},"image":{"@id":"https:\/\/globdocuments.com\/es\/producto\/buy-canadian-dollars-online\/#primaryimage"},"thumbnailUrl":"https:\/\/globdocuments.com\/wp-content\/uploads\/2021\/10\/2.png","datePublished":"2021-10-04T06:59:32+00:00","dateModified":"2025-09-02T11:56:29+00:00","description":"Buy canadian dollars online in Germany at Glob Documents with safe and fast worldwide delivery at the best price. Check the best deals on fake documents!","breadcrumb":{"@id":"https:\/\/globdocuments.com\/es\/producto\/buy-canadian-dollars-online\/#breadcrumb"},"inLanguage":"de","potentialAction":[{"@type":"ReadAction","target":["https:\/\/globdocuments.com\/es\/producto\/buy-canadian-dollars-online\/"]}]},{"@type":"ImageObject","inLanguage":"de","@id":"https:\/\/globdocuments.com\/es\/producto\/buy-canadian-dollars-online\/#primaryimage","url":"https:\/\/globdocuments.com\/wp-content\/uploads\/2021\/10\/2.png","contentUrl":"https:\/\/globdocuments.com\/wp-content\/uploads\/2021\/10\/2.png","width":450,"height":450,"caption":"BUY CANADIAN DOLLARS ONLINE"},{"@type":"BreadcrumbList","@id":"https:\/\/globdocuments.com\/es\/producto\/buy-canadian-dollars-online\/#breadcrumb","itemListElement":[{"@type":"ListItem","position":1,"name":"Shop","item":"https:\/\/globdocuments.com\/shop\/"},{"@type":"ListItem","position":2,"name":"BUY CANADIAN DOLLARS ONLINE"}]},{"@type":"WebSite","@id":"https:\/\/globdocuments.com\/#website","url":"https:\/\/globdocuments.com\/","name":"","description":"Echte gef\u00e4lschte Dokumente online kaufen","potentialAction":[{"@type":"SearchAction","target":{"@type":"EntryPoint","urlTemplate":"https:\/\/globdocuments.com\/?s={search_term_string}"},"query-input":{"@type":"PropertyValueSpecification","valueRequired":true,"valueName":"search_term_string"}}],"inLanguage":"de"}]}},"_links":{"self":[{"href":"https:\/\/globdocuments.com\/de\/wp-json\/wp\/v2\/product\/188","targetHints":{"allow":["GET"]}}],"collection":[{"href":"https:\/\/globdocuments.com\/de\/wp-json\/wp\/v2\/product"}],"about":[{"href":"https:\/\/globdocuments.com\/de\/wp-json\/wp\/v2\/types\/product"}],"replies":[{"embeddable":true,"href":"https:\/\/globdocuments.com\/de\/wp-json\/wp\/v2\/comments?post=188"}],"wp:featuredmedia":[{"embeddable":true,"href":"https:\/\/globdocuments.com\/de\/wp-json\/wp\/v2\/media\/204"}],"wp:attachment":[{"href":"https:\/\/globdocuments.com\/de\/wp-json\/wp\/v2\/media?parent=188"}],"wp:term":[{"taxonomy":"product_brand","embeddable":true,"href":"https:\/\/globdocuments.com\/de\/wp-json\/wp\/v2\/product_brand?post=188"},{"taxonomy":"product_cat","embeddable":true,"href":"https:\/\/globdocuments.com\/de\/wp-json\/wp\/v2\/product_cat?post=188"},{"taxonomy":"product_tag","embeddable":true,"href":"https:\/\/globdocuments.com\/de\/wp-json\/wp\/v2\/product_tag?post=188"}],"curies":[{"name":"wp","href":"https:\/\/api.w.org\/{rel}","templated":true}]}}