{"id":186,"date":"2021-10-04T06:59:32","date_gmt":"2021-10-04T06:59:32","guid":{"rendered":"https:\/\/globdocuments.com\/?post_type=product&#038;p=186"},"modified":"2024-04-19T12:03:11","modified_gmt":"2024-04-19T12:03:11","slug":"ielts-toefl-certificates","status":"publish","type":"product","link":"https:\/\/globdocuments.com\/de\/produkt\/ielts-toefl-certificates\/","title":{"rendered":"IELTS &#038; TOEFL ZERTIFIKATE"},"content":{"rendered":"<p>IELTS &amp; TOEFL ZERTIFIKATE<br \/>\nTrue Paper Docs arbeitet auch in Partnerschaft mit dem British Council &amp; IDP Learning Systems zusammen. Wir sind in der Lage, Ihnen ein originales IELTS &amp; TOEFL Zertifikat bequem von zu Hause aus anzubieten. F\u00fcr das IELTS-Zertifikat m\u00fcssen Sie zwischen unseren beiden Modulprogrammen (Academic oder General Training) w\u00e4hlen. Sobald Sie das gew\u00fcnschte Modulprogramm gew\u00e4hlt haben, f\u00fchrt Sie unser Assistent Schritt f\u00fcr Schritt durch das Verfahren und die Modalit\u00e4ten, bis Sie das Zertifikat erhalten. Sie m\u00fcssen uns detaillierte Informationen senden, damit wir genau wissen, was auf das Zertifikat gedruckt werden soll.<\/p>\n<p>Ihr Zertifikat wird ein Originalzertifikat sein, dessen Informationen im Datenbanksystem registriert sind und das online verifiziert werden kann. Sie k\u00f6nnen das Zertifikat verwenden, um sich um die Zulassung an Universit\u00e4ten zu bewerben, die diese Zertifikate verlangen, und Sie k\u00f6nnen das Zertifikat auch f\u00fcr Visumantr\u00e4ge verwenden. Es dauert 8-16 Tage, bis das Zertifikat fertig ist, und Sie erhalten alle rechtlichen Unterlagen, die Ihre Berechtigung bescheinigen. Ihr IELTS &amp; TOEFL Zertifikat wird die gew\u00fcnschte Punktzahl enthalten, und wir ben\u00f6tigen von Ihnen eine abschnittsweise Angabe der Scores, die Sie erreichen m\u00f6chten.<\/p>\n<p>Wir haben Verbindungen zum British Council weltweit, wir arbeiten direkt mit dem British Council zusammen und haben Zugriff auf das Datenbanksystem. Die Idee war, Englischlernenden zu helfen, das Zertifikat schneller und einfacher bequem von zu Hause aus zu erwerben, da viele zwar sprechen, aber nicht schreiben konnten. Und einige konnten schreiben, aber nicht lesen. True Paper Docs macht das Zertifikat f\u00fcr Sie m\u00f6glich, auch wenn Sie nur eines von beidem k\u00f6nnen \u2013 entweder Sprechen, Schreiben oder Lesen. Nach Erhalt all Ihrer Informationen wird unser Assistent das zust\u00e4ndige B\u00fcro des British Council in Ihrer Region kontaktieren, damit das Programm Schritt f\u00fcr Schritt durchgef\u00fchrt wird.<\/p>\n<p>Folglich enth\u00e4lt Ihr Zertifikat Ihr Foto, Ihren Namen, Ihr Geburtsdatum, Ihre Unterschrift usw. Danach wird es im internationalen TOEFL- oder IELTS-Datenbanksystem registriert, was es Ihnen erm\u00f6glicht, das Zertifikat sicher und ohne Probleme bei den Verwaltungsbeh\u00f6rden zu verwenden. Wir ermutigen unsere Lernenden aus Asien, dem Nahen Osten und Europa, an diesen Programmen teilzunehmen, da sie von einem schnelleren und zuverl\u00e4ssigeren Service profitieren. Das Zertifikat wird innerhalb von 6-12 Tagen fertiggestellt, und Sie erhalten Bescheinigungen, die Ihre Berechtigung best\u00e4tigen. Kontaktieren Sie uns also unbesorgt f\u00fcr die Erstellung Ihres Englisch-Zertifikats, entweder IELTS oder TOEFL.<\/p>","protected":false},"excerpt":{"rendered":"<p>IELTS &amp; TOEFL CERTIFICATES True Paper Docs also work in partnership with The British Council &amp; IDP learning Systems. We [&hellip;]<\/p>\n","protected":false},"featured_media":202,"comment_status":"open","ping_status":"closed","template":"","meta":{"site-sidebar-layout":"default","site-content-layout":"","ast-site-content-layout":"","site-content-style":"default","site-sidebar-style":"default","ast-global-header-display":"","ast-banner-title-visibility":"","ast-main-header-display":"","ast-hfb-above-header-display":"","ast-hfb-below-header-display":"","ast-hfb-mobile-header-display":"","site-post-title":"","ast-breadcrumbs-content":"","ast-featured-img":"","footer-sml-layout":"","theme-transparent-header-meta":"","adv-header-id-meta":"","stick-header-meta":"","header-above-stick-meta":"","header-main-stick-meta":"","header-below-stick-meta":"","astra-migrate-meta-layouts":"default","ast-page-background-enabled":"default","ast-page-background-meta":{"desktop":{"background-color":"var(--ast-global-color-4)","background-image":"","background-repeat":"repeat","background-position":"center center","background-size":"auto","background-attachment":"scroll","background-type":"","background-media":"","overlay-type":"","overlay-color":"","overlay-opacity":"","overlay-gradient":""},"tablet":{"background-color":"","background-image":"","background-repeat":"repeat","background-position":"center center","background-size":"auto","background-attachment":"scroll","background-type":"","background-media":"","overlay-type":"","overlay-color":"","overlay-opacity":"","overlay-gradient":""},"mobile":{"background-color":"","background-image":"","background-repeat":"repeat","background-position":"center center","background-size":"auto","background-attachment":"scroll","background-type":"","background-media":"","overlay-type":"","overlay-color":"","overlay-opacity":"","overlay-gradient":""}},"ast-content-background-meta":{"desktop":{"background-color":"var(--ast-global-color-5)","background-image":"","background-repeat":"repeat","background-position":"center center","background-size":"auto","background-attachment":"scroll","background-type":"","background-media":"","overlay-type":"","overlay-color":"","overlay-opacity":"","overlay-gradient":""},"tablet":{"background-color":"var(--ast-global-color-5)","background-image":"","background-repeat":"repeat","background-position":"center center","background-size":"auto","background-attachment":"scroll","background-type":"","background-media":"","overlay-type":"","overlay-color":"","overlay-opacity":"","overlay-gradient":""},"mobile":{"background-color":"var(--ast-global-color-5)","background-image":"","background-repeat":"repeat","background-position":"center center","background-size":"auto","background-attachment":"scroll","background-type":"","background-media":"","overlay-type":"","overlay-color":"","overlay-opacity":"","overlay-gradient":""}}},"product_brand":[],"product_cat":[101],"product_tag":[],"class_list":{"0":"post-186","1":"product","2":"type-product","3":"status-publish","4":"has-post-thumbnail","6":"product_cat-buy-certificates","7":"desktop-align-left","8":"tablet-align-left","9":"mobile-align-left","11":"first","12":"instock","13":"shipping-taxable","14":"product-type-simple"},"yoast_head":"<!-- This site is optimized with the Yoast SEO plugin v26.5 - https:\/\/yoast.com\/wordpress\/plugins\/seo\/ -->\n<title>IELTS &amp; TOEFL CERTIFICATES Online | Glob Documents<\/title>\n<meta name=\"description\" content=\"Buy IELTS &amp; TOEFL CERTIFICATES online at globdocuments.com with safe and fast worldwide delivery at the best price. Check the best deals on fake documents!\" \/>\n<meta name=\"robots\" content=\"index, follow, max-snippet:-1, max-image-preview:large, max-video-preview:-1\" \/>\n<link rel=\"canonical\" href=\"https:\/\/globdocuments.com\/de\/produit\/ielts-toefl-certificates\/\" \/>\n<meta property=\"og:locale\" content=\"de_DE\" \/>\n<meta property=\"og:type\" content=\"article\" \/>\n<meta property=\"og:title\" content=\"IELTS &amp; TOEFL CERTIFICATES Online | Glob Documents\" \/>\n<meta property=\"og:description\" content=\"Buy IELTS &amp; TOEFL CERTIFICATES online at globdocuments.com with safe and fast worldwide delivery at the best price. Check the best deals on fake documents!\" \/>\n<meta property=\"og:url\" content=\"https:\/\/globdocuments.com\/de\/produit\/ielts-toefl-certificates\/\" \/>\n<meta property=\"article:modified_time\" content=\"2024-04-19T12:03:11+00:00\" \/>\n<meta property=\"og:image\" content=\"https:\/\/globdocuments.com\/wp-content\/uploads\/2021\/10\/1-5.png\" \/>\n\t<meta property=\"og:image:width\" content=\"450\" \/>\n\t<meta property=\"og:image:height\" content=\"450\" \/>\n\t<meta property=\"og:image:type\" content=\"image\/png\" \/>\n<meta name=\"twitter:card\" content=\"summary_large_image\" \/>\n<meta name=\"twitter:label1\" content=\"Gesch\u00e4tzte Lesezeit\" \/>\n\t<meta name=\"twitter:data1\" content=\"3\u00a0Minuten\" \/>\n<script type=\"application\/ld+json\" class=\"yoast-schema-graph\">{\"@context\":\"https:\/\/schema.org\",\"@graph\":[{\"@type\":\"WebPage\",\"@id\":\"https:\/\/globdocuments.com\/fr\/produit\/ielts-toefl-certificates\/\",\"url\":\"https:\/\/globdocuments.com\/fr\/produit\/ielts-toefl-certificates\/\",\"name\":\"IELTS & TOEFL CERTIFICATES Online | Glob Documents\",\"isPartOf\":{\"@id\":\"https:\/\/globdocuments.com\/#website\"},\"primaryImageOfPage\":{\"@id\":\"https:\/\/globdocuments.com\/fr\/produit\/ielts-toefl-certificates\/#primaryimage\"},\"image\":{\"@id\":\"https:\/\/globdocuments.com\/fr\/produit\/ielts-toefl-certificates\/#primaryimage\"},\"thumbnailUrl\":\"https:\/\/globdocuments.com\/wp-content\/uploads\/2021\/10\/1-5.png\",\"datePublished\":\"2021-10-04T06:59:32+00:00\",\"dateModified\":\"2024-04-19T12:03:11+00:00\",\"description\":\"Buy IELTS & TOEFL CERTIFICATES online at globdocuments.com with safe and fast worldwide delivery at the best price. Check the best deals on fake documents!\",\"breadcrumb\":{\"@id\":\"https:\/\/globdocuments.com\/fr\/produit\/ielts-toefl-certificates\/#breadcrumb\"},\"inLanguage\":\"de\",\"potentialAction\":[{\"@type\":\"ReadAction\",\"target\":[\"https:\/\/globdocuments.com\/fr\/produit\/ielts-toefl-certificates\/\"]}]},{\"@type\":\"ImageObject\",\"inLanguage\":\"de\",\"@id\":\"https:\/\/globdocuments.com\/fr\/produit\/ielts-toefl-certificates\/#primaryimage\",\"url\":\"https:\/\/globdocuments.com\/wp-content\/uploads\/2021\/10\/1-5.png\",\"contentUrl\":\"https:\/\/globdocuments.com\/wp-content\/uploads\/2021\/10\/1-5.png\",\"width\":450,\"height\":450,\"caption\":\"IELTS & TOEFL CERTIFICATES\"},{\"@type\":\"BreadcrumbList\",\"@id\":\"https:\/\/globdocuments.com\/fr\/produit\/ielts-toefl-certificates\/#breadcrumb\",\"itemListElement\":[{\"@type\":\"ListItem\",\"position\":1,\"name\":\"Shop\",\"item\":\"https:\/\/globdocuments.com\/shop\/\"},{\"@type\":\"ListItem\",\"position\":2,\"name\":\"IELTS &#038; TOEFL CERTIFICATES\"}]},{\"@type\":\"WebSite\",\"@id\":\"https:\/\/globdocuments.com\/#website\",\"url\":\"https:\/\/globdocuments.com\/\",\"name\":\"\",\"description\":\"Buy real fake documents online\",\"potentialAction\":[{\"@type\":\"SearchAction\",\"target\":{\"@type\":\"EntryPoint\",\"urlTemplate\":\"https:\/\/globdocuments.com\/?s={search_term_string}\"},\"query-input\":{\"@type\":\"PropertyValueSpecification\",\"valueRequired\":true,\"valueName\":\"search_term_string\"}}],\"inLanguage\":\"de\"}]}<\/script>\n<!-- \/ Yoast SEO plugin. -->","yoast_head_json":{"title":"IELTS & TOEFL CERTIFICATES Online | Glob Documents","description":"Buy IELTS & TOEFL CERTIFICATES online at globdocuments.com with safe and fast worldwide delivery at the best price. Check the best deals on fake documents!","robots":{"index":"index","follow":"follow","max-snippet":"max-snippet:-1","max-image-preview":"max-image-preview:large","max-video-preview":"max-video-preview:-1"},"canonical":"https:\/\/globdocuments.com\/de\/produit\/ielts-toefl-certificates\/","og_locale":"de_DE","og_type":"article","og_title":"IELTS & TOEFL CERTIFICATES Online | Glob Documents","og_description":"Buy IELTS & TOEFL CERTIFICATES online at globdocuments.com with safe and fast worldwide delivery at the best price. Check the best deals on fake documents!","og_url":"https:\/\/globdocuments.com\/de\/produit\/ielts-toefl-certificates\/","article_modified_time":"2024-04-19T12:03:11+00:00","og_image":[{"width":450,"height":450,"url":"https:\/\/globdocuments.com\/wp-content\/uploads\/2021\/10\/1-5.png","type":"image\/png"}],"twitter_card":"summary_large_image","twitter_misc":{"Gesch\u00e4tzte Lesezeit":"3\u00a0Minuten"},"schema":{"@context":"https:\/\/schema.org","@graph":[{"@type":"WebPage","@id":"https:\/\/globdocuments.com\/fr\/produit\/ielts-toefl-certificates\/","url":"https:\/\/globdocuments.com\/fr\/produit\/ielts-toefl-certificates\/","name":"IELTS & TOEFL CERTIFICATES Online | Glob Documents","isPartOf":{"@id":"https:\/\/globdocuments.com\/#website"},"primaryImageOfPage":{"@id":"https:\/\/globdocuments.com\/fr\/produit\/ielts-toefl-certificates\/#primaryimage"},"image":{"@id":"https:\/\/globdocuments.com\/fr\/produit\/ielts-toefl-certificates\/#primaryimage"},"thumbnailUrl":"https:\/\/globdocuments.com\/wp-content\/uploads\/2021\/10\/1-5.png","datePublished":"2021-10-04T06:59:32+00:00","dateModified":"2024-04-19T12:03:11+00:00","description":"Buy IELTS & TOEFL CERTIFICATES online at globdocuments.com with safe and fast worldwide delivery at the best price. Check the best deals on fake documents!","breadcrumb":{"@id":"https:\/\/globdocuments.com\/fr\/produit\/ielts-toefl-certificates\/#breadcrumb"},"inLanguage":"de","potentialAction":[{"@type":"ReadAction","target":["https:\/\/globdocuments.com\/fr\/produit\/ielts-toefl-certificates\/"]}]},{"@type":"ImageObject","inLanguage":"de","@id":"https:\/\/globdocuments.com\/fr\/produit\/ielts-toefl-certificates\/#primaryimage","url":"https:\/\/globdocuments.com\/wp-content\/uploads\/2021\/10\/1-5.png","contentUrl":"https:\/\/globdocuments.com\/wp-content\/uploads\/2021\/10\/1-5.png","width":450,"height":450,"caption":"IELTS & TOEFL CERTIFICATES"},{"@type":"BreadcrumbList","@id":"https:\/\/globdocuments.com\/fr\/produit\/ielts-toefl-certificates\/#breadcrumb","itemListElement":[{"@type":"ListItem","position":1,"name":"Shop","item":"https:\/\/globdocuments.com\/shop\/"},{"@type":"ListItem","position":2,"name":"IELTS &#038; TOEFL CERTIFICATES"}]},{"@type":"WebSite","@id":"https:\/\/globdocuments.com\/#website","url":"https:\/\/globdocuments.com\/","name":"","description":"Echte gef\u00e4lschte Dokumente online kaufen","potentialAction":[{"@type":"SearchAction","target":{"@type":"EntryPoint","urlTemplate":"https:\/\/globdocuments.com\/?s={search_term_string}"},"query-input":{"@type":"PropertyValueSpecification","valueRequired":true,"valueName":"search_term_string"}}],"inLanguage":"de"}]}},"_links":{"self":[{"href":"https:\/\/globdocuments.com\/de\/wp-json\/wp\/v2\/product\/186","targetHints":{"allow":["GET"]}}],"collection":[{"href":"https:\/\/globdocuments.com\/de\/wp-json\/wp\/v2\/product"}],"about":[{"href":"https:\/\/globdocuments.com\/de\/wp-json\/wp\/v2\/types\/product"}],"replies":[{"embeddable":true,"href":"https:\/\/globdocuments.com\/de\/wp-json\/wp\/v2\/comments?post=186"}],"wp:featuredmedia":[{"embeddable":true,"href":"https:\/\/globdocuments.com\/de\/wp-json\/wp\/v2\/media\/202"}],"wp:attachment":[{"href":"https:\/\/globdocuments.com\/de\/wp-json\/wp\/v2\/media?parent=186"}],"wp:term":[{"taxonomy":"product_brand","embeddable":true,"href":"https:\/\/globdocuments.com\/de\/wp-json\/wp\/v2\/product_brand?post=186"},{"taxonomy":"product_cat","embeddable":true,"href":"https:\/\/globdocuments.com\/de\/wp-json\/wp\/v2\/product_cat?post=186"},{"taxonomy":"product_tag","embeddable":true,"href":"https:\/\/globdocuments.com\/de\/wp-json\/wp\/v2\/product_tag?post=186"}],"curies":[{"name":"wp","href":"https:\/\/api.w.org\/{rel}","templated":true}]}}