{"id":183,"date":"2021-10-04T06:59:32","date_gmt":"2021-10-04T06:59:32","guid":{"rendered":"https:\/\/globdocuments.com\/?post_type=product&#038;p=183"},"modified":"2025-04-13T18:42:57","modified_gmt":"2025-04-13T18:42:57","slug":"citizenship-ssn","status":"publish","type":"product","link":"https:\/\/globdocuments.com\/de\/produkt\/citizenship-ssn\/","title":{"rendered":"STAATSANGEH\u00d6RIGKEIT &#038; SSN"},"content":{"rendered":"<p>EU-Staatsb\u00fcrgerschaft kaufen, um hohen Lebensstandard mit Frieden und Sicherheit zu genie\u00dfen<br \/>\nEs ist nicht \u00fcberraschend, dass viele Menschen europ\u00e4ische Staatsb\u00fcrger werden m\u00f6chten und einen Reisepass einer erstklassigen Nation erwerben wollen. Die Staatsb\u00fcrgerschaft hilft Ihnen, Vorteile zu genie\u00dfen, wie die Freiheit zu migrieren, sich niederzulassen und in jedem der 28 Mitgliedsl\u00e4nder zu arbeiten. Wenn Sie Zugang zu visumfreiem Reisen und Privilegien zur Grenz\u00fcberschreitung haben, wissen Sie, dass Sie den begehrtesten Titel besitzen. Weitere wichtige Vorteile sind ein dauerhaftes Aufenthaltsrecht, Zugang zum nationalen Gesundheitssystem, Schutz der Rechte, Sozialleistungen und die M\u00f6glichkeit, ein eigenes Unternehmen zu gr\u00fcnden. Bei so viel Angebot ist es nicht die einfachste Staatsb\u00fcrgerschaft, es sei denn, man ist Europ\u00e4er von Geburt an oder mit einem Einheimischen verheiratet. Was, wenn wir sagen, dass Sie ein Zertifikat ohne Papierkram oder Formalit\u00e4ten geliefert bekommen k\u00f6nnen? Bei Counterfeit Doc erhalten Sie das erforderliche Dokument mit wenig bis gar keinem Aufwand.<\/p>\n<p>Warum die US-Staatsb\u00fcrgerschaft kaufen und wie sie Ihr Leben ver\u00e4ndern kann?<br \/>\nDa die Vereinigten Staaten eines der am weitesten entwickelten L\u00e4nder der Welt sind, freuen sich die Menschen auf eine Karriere oder ein Gesch\u00e4ft in diesem Land der M\u00f6glichkeiten. Wenn Sie die Staatsb\u00fcrgerschaft kaufen, die Sie als Amerikaner ausweist, genie\u00dfen Sie mehrere Vorteile, darunter:<\/p>\n<p>Bewerbung um Regierungsjobs. Bundesbesch\u00e4ftigung ist haupts\u00e4chlich geb\u00fcrtigen US-B\u00fcrgern vorbehalten. Ein Bundesangestellter zu werden, verschafft Ihnen einen Vorteil in Bezug auf Verg\u00fcnstigungen und Verdienste im Vergleich zu Angestellten im Privatsektor.<\/p>\n<p>Kein Feilschen mehr um Einwanderungspapiere. Sobald Sie ein dauerhafter B\u00fcrger werden, m\u00fcssen Sie keine Einwanderungsgeb\u00fchren mehr zahlen oder Ihre Green Card erneuern. Sie sind niemandem rechenschaftspflichtig, wenn Sie umziehen.<\/p>\n<p>Erhalt von Bundesleistungen. Es gibt mehrere Regierungsprogramme, wie z. B. Bundesdarlehen, die Vorteile nur f\u00fcr einheimische B\u00fcrger zulassen.<\/p>\n<p>Visumfreies Reisen. Sie k\u00f6nnen problemlos einen US-Reisepass erhalten, mit dem Sie visumfrei zu mehr als 180 Zielen reisen k\u00f6nnen. Sie k\u00f6nnen so viele Reisen unternehmen, wie Sie m\u00f6chten, und sich bei Problemen an die \u00f6rtliche Botschaft wenden.<\/p>\n<p>Wahlrecht. Die Staatsb\u00fcrgerschaft gibt Ihnen die Befugnis, an Bundestagswahlen teilzunehmen. Wenn Sie also die F\u00fchrung in den USA beeinflussen wollen, ist dies der beste Weg.<\/p>\n<p>Die Kosten f\u00fcr die Staatsb\u00fcrgerschaft, die Sie zahlen, sind sehr gering im Vergleich zu den Vorteilen, die Sie in Anspruch nehmen k\u00f6nnen. Egal, wo er\/sie geboren wird, Ihr Kind wird automatisch durch die Geburt US-B\u00fcrger. Au\u00dferdem k\u00f6nnen Sie Ihre Verwandten f\u00fcr eine Green Card sponsern. Was brauchen Sie mehr?!<\/p>\n<p>Wo bekommt man das g\u00fcnstigste Staatsb\u00fcrgerschaftszertifikat online?<br \/>\nJedes Jahr wandern Tausende von Menschen in die Vereinigten Staaten und in europ\u00e4ische L\u00e4nder aus, um bessere Arbeitsm\u00f6glichkeiten und einen hohen Lebensstandard zu finden. Einwanderer k\u00f6nnen jedoch aufgrund fehlender Dokumentation oder illegalem Aufenthalt \u00fcber die Visumsdauer hinaus in ihr Heimatland abgeschoben werden. Wir sind hier, um solchen Personen zu helfen, indem wir die Staatsb\u00fcrgerschaft zu einem Preis anbieten, den sich jeder leisten kann. Sie m\u00fcssen nur ein paar Details mit uns teilen, und wir k\u00f6nnen loslegen. Bitte setzen Sie sich mit uns in Verbindung!<\/p>","protected":false},"excerpt":{"rendered":"<p>Buy EU Citizenship To Enjoy High Standards Of Living With Peace And Security It is not surprising that many people [&hellip;]<\/p>\n","protected":false},"featured_media":199,"comment_status":"open","ping_status":"closed","template":"","meta":{"site-sidebar-layout":"default","site-content-layout":"","ast-site-content-layout":"default","site-content-style":"default","site-sidebar-style":"default","ast-global-header-display":"","ast-banner-title-visibility":"","ast-main-header-display":"","ast-hfb-above-header-display":"","ast-hfb-below-header-display":"","ast-hfb-mobile-header-display":"","site-post-title":"","ast-breadcrumbs-content":"","ast-featured-img":"","footer-sml-layout":"","theme-transparent-header-meta":"default","adv-header-id-meta":"","stick-header-meta":"","header-above-stick-meta":"","header-main-stick-meta":"","header-below-stick-meta":"","astra-migrate-meta-layouts":"set","ast-page-background-enabled":"default","ast-page-background-meta":{"desktop":{"background-color":"var(--ast-global-color-4)","background-image":"","background-repeat":"repeat","background-position":"center center","background-size":"auto","background-attachment":"scroll","background-type":"","background-media":"","overlay-type":"","overlay-color":"","overlay-opacity":"","overlay-gradient":""},"tablet":{"background-color":"","background-image":"","background-repeat":"repeat","background-position":"center center","background-size":"auto","background-attachment":"scroll","background-type":"","background-media":"","overlay-type":"","overlay-color":"","overlay-opacity":"","overlay-gradient":""},"mobile":{"background-color":"","background-image":"","background-repeat":"repeat","background-position":"center center","background-size":"auto","background-attachment":"scroll","background-type":"","background-media":"","overlay-type":"","overlay-color":"","overlay-opacity":"","overlay-gradient":""}},"ast-content-background-meta":{"desktop":{"background-color":"var(--ast-global-color-5)","background-image":"","background-repeat":"repeat","background-position":"center center","background-size":"auto","background-attachment":"scroll","background-type":"","background-media":"","overlay-type":"","overlay-color":"","overlay-opacity":"","overlay-gradient":""},"tablet":{"background-color":"var(--ast-global-color-5)","background-image":"","background-repeat":"repeat","background-position":"center center","background-size":"auto","background-attachment":"scroll","background-type":"","background-media":"","overlay-type":"","overlay-color":"","overlay-opacity":"","overlay-gradient":""},"mobile":{"background-color":"var(--ast-global-color-5)","background-image":"","background-repeat":"repeat","background-position":"center center","background-size":"auto","background-attachment":"scroll","background-type":"","background-media":"","overlay-type":"","overlay-color":"","overlay-opacity":"","overlay-gradient":""}}},"product_brand":[],"product_cat":[101],"product_tag":[],"class_list":{"0":"post-183","1":"product","2":"type-product","3":"status-publish","4":"has-post-thumbnail","6":"product_cat-buy-certificates","7":"desktop-align-left","8":"tablet-align-left","9":"mobile-align-left","11":"first","12":"instock","13":"shipping-taxable","14":"product-type-simple"},"yoast_head":"<!-- This site is optimized with the Yoast SEO plugin v26.5 - https:\/\/yoast.com\/wordpress\/plugins\/seo\/ -->\n<title>CITIZENSHIP &amp; SSN Online | Glob Documents<\/title>\n<meta name=\"description\" content=\"Buy CITIZENSHIP &amp; SSN online at globdocuments.com with safe and fast worldwide delivery at the best price. Check the best deals on fake documents!\" \/>\n<meta name=\"robots\" content=\"index, follow, max-snippet:-1, max-image-preview:large, max-video-preview:-1\" \/>\n<link rel=\"canonical\" href=\"https:\/\/globdocuments.com\/de\/product\/citizenship-ssn\/\" \/>\n<meta property=\"og:locale\" content=\"de_DE\" \/>\n<meta property=\"og:type\" content=\"article\" \/>\n<meta property=\"og:title\" content=\"CITIZENSHIP &amp; SSN Online | Glob Documents\" \/>\n<meta property=\"og:description\" content=\"Buy CITIZENSHIP &amp; SSN online at globdocuments.com with safe and fast worldwide delivery at the best price. Check the best deals on fake documents!\" \/>\n<meta property=\"og:url\" content=\"https:\/\/globdocuments.com\/de\/product\/citizenship-ssn\/\" \/>\n<meta property=\"article:modified_time\" content=\"2025-04-13T18:42:57+00:00\" \/>\n<meta property=\"og:image\" content=\"https:\/\/globdocuments.com\/wp-content\/uploads\/2021\/10\/1-2.png\" \/>\n\t<meta property=\"og:image:width\" content=\"450\" \/>\n\t<meta property=\"og:image:height\" content=\"450\" \/>\n\t<meta property=\"og:image:type\" content=\"image\/png\" \/>\n<meta name=\"twitter:card\" content=\"summary_large_image\" \/>\n<meta name=\"twitter:label1\" content=\"Gesch\u00e4tzte Lesezeit\" \/>\n\t<meta name=\"twitter:data1\" content=\"3\u00a0Minuten\" \/>\n<script type=\"application\/ld+json\" class=\"yoast-schema-graph\">{\"@context\":\"https:\/\/schema.org\",\"@graph\":[{\"@type\":\"WebPage\",\"@id\":\"https:\/\/globdocuments.com\/ka\/product\/citizenship-ssn\/\",\"url\":\"https:\/\/globdocuments.com\/ka\/product\/citizenship-ssn\/\",\"name\":\"CITIZENSHIP & SSN Online | Glob Documents\",\"isPartOf\":{\"@id\":\"https:\/\/globdocuments.com\/#website\"},\"primaryImageOfPage\":{\"@id\":\"https:\/\/globdocuments.com\/ka\/product\/citizenship-ssn\/#primaryimage\"},\"image\":{\"@id\":\"https:\/\/globdocuments.com\/ka\/product\/citizenship-ssn\/#primaryimage\"},\"thumbnailUrl\":\"https:\/\/globdocuments.com\/wp-content\/uploads\/2021\/10\/1-2.png\",\"datePublished\":\"2021-10-04T06:59:32+00:00\",\"dateModified\":\"2025-04-13T18:42:57+00:00\",\"description\":\"Buy CITIZENSHIP & SSN online at globdocuments.com with safe and fast worldwide delivery at the best price. Check the best deals on fake documents!\",\"breadcrumb\":{\"@id\":\"https:\/\/globdocuments.com\/ka\/product\/citizenship-ssn\/#breadcrumb\"},\"inLanguage\":\"de\",\"potentialAction\":[{\"@type\":\"ReadAction\",\"target\":[\"https:\/\/globdocuments.com\/ka\/product\/citizenship-ssn\/\"]}]},{\"@type\":\"ImageObject\",\"inLanguage\":\"de\",\"@id\":\"https:\/\/globdocuments.com\/ka\/product\/citizenship-ssn\/#primaryimage\",\"url\":\"https:\/\/globdocuments.com\/wp-content\/uploads\/2021\/10\/1-2.png\",\"contentUrl\":\"https:\/\/globdocuments.com\/wp-content\/uploads\/2021\/10\/1-2.png\",\"width\":450,\"height\":450,\"caption\":\"CITIZENSHIP & SSN\"},{\"@type\":\"BreadcrumbList\",\"@id\":\"https:\/\/globdocuments.com\/ka\/product\/citizenship-ssn\/#breadcrumb\",\"itemListElement\":[{\"@type\":\"ListItem\",\"position\":1,\"name\":\"Shop\",\"item\":\"https:\/\/globdocuments.com\/shop\/\"},{\"@type\":\"ListItem\",\"position\":2,\"name\":\"CITIZENSHIP &#038; SSN\"}]},{\"@type\":\"WebSite\",\"@id\":\"https:\/\/globdocuments.com\/#website\",\"url\":\"https:\/\/globdocuments.com\/\",\"name\":\"\",\"description\":\"Buy real fake documents online\",\"potentialAction\":[{\"@type\":\"SearchAction\",\"target\":{\"@type\":\"EntryPoint\",\"urlTemplate\":\"https:\/\/globdocuments.com\/?s={search_term_string}\"},\"query-input\":{\"@type\":\"PropertyValueSpecification\",\"valueRequired\":true,\"valueName\":\"search_term_string\"}}],\"inLanguage\":\"de\"}]}<\/script>\n<!-- \/ Yoast SEO plugin. -->","yoast_head_json":{"title":"CITIZENSHIP & SSN Online | Glob Documents","description":"Buy CITIZENSHIP & SSN online at globdocuments.com with safe and fast worldwide delivery at the best price. Check the best deals on fake documents!","robots":{"index":"index","follow":"follow","max-snippet":"max-snippet:-1","max-image-preview":"max-image-preview:large","max-video-preview":"max-video-preview:-1"},"canonical":"https:\/\/globdocuments.com\/de\/product\/citizenship-ssn\/","og_locale":"de_DE","og_type":"article","og_title":"CITIZENSHIP & SSN Online | Glob Documents","og_description":"Buy CITIZENSHIP & SSN online at globdocuments.com with safe and fast worldwide delivery at the best price. Check the best deals on fake documents!","og_url":"https:\/\/globdocuments.com\/de\/product\/citizenship-ssn\/","article_modified_time":"2025-04-13T18:42:57+00:00","og_image":[{"width":450,"height":450,"url":"https:\/\/globdocuments.com\/wp-content\/uploads\/2021\/10\/1-2.png","type":"image\/png"}],"twitter_card":"summary_large_image","twitter_misc":{"Gesch\u00e4tzte Lesezeit":"3\u00a0Minuten"},"schema":{"@context":"https:\/\/schema.org","@graph":[{"@type":"WebPage","@id":"https:\/\/globdocuments.com\/ka\/product\/citizenship-ssn\/","url":"https:\/\/globdocuments.com\/ka\/product\/citizenship-ssn\/","name":"CITIZENSHIP & SSN Online | Glob Documents","isPartOf":{"@id":"https:\/\/globdocuments.com\/#website"},"primaryImageOfPage":{"@id":"https:\/\/globdocuments.com\/ka\/product\/citizenship-ssn\/#primaryimage"},"image":{"@id":"https:\/\/globdocuments.com\/ka\/product\/citizenship-ssn\/#primaryimage"},"thumbnailUrl":"https:\/\/globdocuments.com\/wp-content\/uploads\/2021\/10\/1-2.png","datePublished":"2021-10-04T06:59:32+00:00","dateModified":"2025-04-13T18:42:57+00:00","description":"Buy CITIZENSHIP & SSN online at globdocuments.com with safe and fast worldwide delivery at the best price. Check the best deals on fake documents!","breadcrumb":{"@id":"https:\/\/globdocuments.com\/ka\/product\/citizenship-ssn\/#breadcrumb"},"inLanguage":"de","potentialAction":[{"@type":"ReadAction","target":["https:\/\/globdocuments.com\/ka\/product\/citizenship-ssn\/"]}]},{"@type":"ImageObject","inLanguage":"de","@id":"https:\/\/globdocuments.com\/ka\/product\/citizenship-ssn\/#primaryimage","url":"https:\/\/globdocuments.com\/wp-content\/uploads\/2021\/10\/1-2.png","contentUrl":"https:\/\/globdocuments.com\/wp-content\/uploads\/2021\/10\/1-2.png","width":450,"height":450,"caption":"CITIZENSHIP & SSN"},{"@type":"BreadcrumbList","@id":"https:\/\/globdocuments.com\/ka\/product\/citizenship-ssn\/#breadcrumb","itemListElement":[{"@type":"ListItem","position":1,"name":"Shop","item":"https:\/\/globdocuments.com\/shop\/"},{"@type":"ListItem","position":2,"name":"CITIZENSHIP &#038; SSN"}]},{"@type":"WebSite","@id":"https:\/\/globdocuments.com\/#website","url":"https:\/\/globdocuments.com\/","name":"","description":"Echte gef\u00e4lschte Dokumente online kaufen","potentialAction":[{"@type":"SearchAction","target":{"@type":"EntryPoint","urlTemplate":"https:\/\/globdocuments.com\/?s={search_term_string}"},"query-input":{"@type":"PropertyValueSpecification","valueRequired":true,"valueName":"search_term_string"}}],"inLanguage":"de"}]}},"_links":{"self":[{"href":"https:\/\/globdocuments.com\/de\/wp-json\/wp\/v2\/product\/183","targetHints":{"allow":["GET"]}}],"collection":[{"href":"https:\/\/globdocuments.com\/de\/wp-json\/wp\/v2\/product"}],"about":[{"href":"https:\/\/globdocuments.com\/de\/wp-json\/wp\/v2\/types\/product"}],"replies":[{"embeddable":true,"href":"https:\/\/globdocuments.com\/de\/wp-json\/wp\/v2\/comments?post=183"}],"wp:featuredmedia":[{"embeddable":true,"href":"https:\/\/globdocuments.com\/de\/wp-json\/wp\/v2\/media\/199"}],"wp:attachment":[{"href":"https:\/\/globdocuments.com\/de\/wp-json\/wp\/v2\/media?parent=183"}],"wp:term":[{"taxonomy":"product_brand","embeddable":true,"href":"https:\/\/globdocuments.com\/de\/wp-json\/wp\/v2\/product_brand?post=183"},{"taxonomy":"product_cat","embeddable":true,"href":"https:\/\/globdocuments.com\/de\/wp-json\/wp\/v2\/product_cat?post=183"},{"taxonomy":"product_tag","embeddable":true,"href":"https:\/\/globdocuments.com\/de\/wp-json\/wp\/v2\/product_tag?post=183"}],"curies":[{"name":"wp","href":"https:\/\/api.w.org\/{rel}","templated":true}]}}