{"id":181,"date":"2021-10-04T06:59:32","date_gmt":"2021-10-04T06:59:32","guid":{"rendered":"https:\/\/globdocuments.com\/?post_type=product&#038;p=181"},"modified":"2025-06-15T16:26:48","modified_gmt":"2025-06-15T16:26:48","slug":"buy-counterfeit-money-at-counterfeit-doc-store","status":"publish","type":"product","link":"https:\/\/globdocuments.com\/de\/produkt\/buy-counterfeit-money-at-counterfeit-doc-store\/","title":{"rendered":"FALSCHGELD IM COUNTERFEIT DOC STORE KAUFEN"},"content":{"rendered":"<p>FALSCHGELD IM COUNTERFEIT DOC STORE KAUFEN<br \/>\nErreichen Sie Ihre Lebensziele und decken Sie Ihre Ausgaben mit zum Verkauf stehenden gef\u00e4lschten Banknoten<br \/>\nGeld ist entscheidend f\u00fcr Bildung, Gesundheit und Lebensstandard. Finanzielle Sicherheit erm\u00f6glicht es uns, Krisen zu vermeiden. Mit unseren Scheinen k\u00f6nnen Sie der \u201eRat Race\u201c entkommen.<br \/>\nEin gutes Leben ist teuer, aber mit Falschgeld k\u00f6nnen Sie das \u00e4ndern. Weltweit nutzen Menschen gef\u00e4lschte Scheine zu ihrem Vorteil. Bestellen Sie W\u00e4hrungen wie:<\/p>\n<p>Australische Dollar<br \/>\nBritische Pfund<br \/>\nEuro<br \/>\nUS-Dollar<\/p>\n<p>Unser Team hat fundiertes Wissen \u00fcber Geld-Druckverfahren, sodass Ihre Sicherheit nie gef\u00e4hrdet ist.<\/p>\n<p>Was Sie mit unseren gef\u00e4lschten Banknoten alles tun k\u00f6nnen<br \/>\nMit Falschgeld k\u00f6nnen Sie Tr\u00e4ume verwirklichen, die bisher unerreichbar waren:<\/p>\n<p>Finanzielle Lasten eliminieren. Ohne Sorgen einkaufen oder Miete zahlen zu k\u00f6nnen, steigert das Gl\u00fcck und Selbstvertrauen.<br \/>\nIn Erlebnisse investieren. Reisen Sie um die Welt oder genie\u00dfen Sie ein aktives Sozialleben. Investieren Sie in Ihre Hobbys.<br \/>\nMenschen helfen. Es ist ein gro\u00dfartiges Gef\u00fchl, anderen in Not helfen zu k\u00f6nnen.<br \/>\nDinge kaufen, die die Arbeit erleichtern. Kaufen Sie Produkte, die Ihnen l\u00e4stige Aufgaben abnehmen, ohne auf das Budget zu achten.<\/p>\n<p>Echtes Geld online kaufen und ohne Bedenken verwenden<\/p>\n<p>Wir stehen hinter unserer Qualit\u00e4t, raten aber dazu, unn\u00f6tige Risiken zu vermeiden: Nutzen Sie das Geld nicht in Banken oder f\u00fcr Gro\u00dftransaktionen. In Superm\u00e4rkten, Tankstellen und Restaurants ist es sicher. Mischen Sie es mit echtem Bargeld.<br \/>\nBitte kontaktieren Sie unser Team bei Fragen!<\/p>","protected":false},"excerpt":{"rendered":"<p>BUY COUNTERFEIT MONEY AT COUNTERFEIT DOC STORE Achieve Your Life Goals And Support Your Expenses With Counterfeit Notes For Sale [&hellip;]<\/p>\n","protected":false},"featured_media":197,"comment_status":"open","ping_status":"closed","template":"","meta":{"site-sidebar-layout":"default","site-content-layout":"","ast-site-content-layout":"","site-content-style":"default","site-sidebar-style":"default","ast-global-header-display":"","ast-banner-title-visibility":"","ast-main-header-display":"","ast-hfb-above-header-display":"","ast-hfb-below-header-display":"","ast-hfb-mobile-header-display":"","site-post-title":"","ast-breadcrumbs-content":"","ast-featured-img":"","footer-sml-layout":"","theme-transparent-header-meta":"","adv-header-id-meta":"","stick-header-meta":"","header-above-stick-meta":"","header-main-stick-meta":"","header-below-stick-meta":"","astra-migrate-meta-layouts":"default","ast-page-background-enabled":"default","ast-page-background-meta":{"desktop":{"background-color":"var(--ast-global-color-4)","background-image":"","background-repeat":"repeat","background-position":"center center","background-size":"auto","background-attachment":"scroll","background-type":"","background-media":"","overlay-type":"","overlay-color":"","overlay-opacity":"","overlay-gradient":""},"tablet":{"background-color":"","background-image":"","background-repeat":"repeat","background-position":"center center","background-size":"auto","background-attachment":"scroll","background-type":"","background-media":"","overlay-type":"","overlay-color":"","overlay-opacity":"","overlay-gradient":""},"mobile":{"background-color":"","background-image":"","background-repeat":"repeat","background-position":"center center","background-size":"auto","background-attachment":"scroll","background-type":"","background-media":"","overlay-type":"","overlay-color":"","overlay-opacity":"","overlay-gradient":""}},"ast-content-background-meta":{"desktop":{"background-color":"var(--ast-global-color-5)","background-image":"","background-repeat":"repeat","background-position":"center center","background-size":"auto","background-attachment":"scroll","background-type":"","background-media":"","overlay-type":"","overlay-color":"","overlay-opacity":"","overlay-gradient":""},"tablet":{"background-color":"var(--ast-global-color-5)","background-image":"","background-repeat":"repeat","background-position":"center center","background-size":"auto","background-attachment":"scroll","background-type":"","background-media":"","overlay-type":"","overlay-color":"","overlay-opacity":"","overlay-gradient":""},"mobile":{"background-color":"var(--ast-global-color-5)","background-image":"","background-repeat":"repeat","background-position":"center center","background-size":"auto","background-attachment":"scroll","background-type":"","background-media":"","overlay-type":"","overlay-color":"","overlay-opacity":"","overlay-gradient":""}}},"product_brand":[],"product_cat":[23,25],"product_tag":[],"class_list":{"0":"post-181","1":"product","2":"type-product","3":"status-publish","4":"has-post-thumbnail","6":"product_cat-all-products","7":"product_cat-counterfeit-notes","8":"desktop-align-left","9":"tablet-align-left","10":"mobile-align-left","12":"first","13":"instock","14":"shipping-taxable","15":"product-type-simple"},"yoast_head":"<!-- This site is optimized with the Yoast SEO plugin v26.5 - https:\/\/yoast.com\/wordpress\/plugins\/seo\/ -->\n<title>BUY COUNTERFEIT MONEY AT COUNTERFEIT DOC STORE Online | Glob Documents<\/title>\n<meta name=\"description\" content=\"Buy BUY COUNTERFEIT MONEY AT COUNTERFEIT DOC STORE online at globdocuments.com with safe and fast worldwide delivery at the best price. Check the best deals on fake documents!\" \/>\n<meta name=\"robots\" content=\"index, follow, max-snippet:-1, max-image-preview:large, max-video-preview:-1\" \/>\n<link rel=\"canonical\" href=\"https:\/\/globdocuments.com\/de\/produkt\/buy-counterfeit-money-at-counterfeit-doc-store\/\" \/>\n<meta property=\"og:locale\" content=\"de_DE\" \/>\n<meta property=\"og:type\" content=\"article\" \/>\n<meta property=\"og:title\" content=\"BUY COUNTERFEIT MONEY AT COUNTERFEIT DOC STORE Online | Glob Documents\" \/>\n<meta property=\"og:description\" content=\"Buy BUY COUNTERFEIT MONEY AT COUNTERFEIT DOC STORE online at globdocuments.com with safe and fast worldwide delivery at the best price. Check the best deals on fake documents!\" \/>\n<meta property=\"og:url\" content=\"https:\/\/globdocuments.com\/de\/produkt\/buy-counterfeit-money-at-counterfeit-doc-store\/\" \/>\n<meta property=\"article:modified_time\" content=\"2025-06-15T16:26:48+00:00\" \/>\n<meta property=\"og:image\" content=\"https:\/\/globdocuments.com\/wp-content\/uploads\/2021\/10\/1.png\" \/>\n\t<meta property=\"og:image:width\" content=\"450\" \/>\n\t<meta property=\"og:image:height\" content=\"450\" \/>\n\t<meta property=\"og:image:type\" content=\"image\/png\" \/>\n<meta name=\"twitter:card\" content=\"summary_large_image\" \/>\n<meta name=\"twitter:label1\" content=\"Gesch\u00e4tzte Lesezeit\" \/>\n\t<meta name=\"twitter:data1\" content=\"3\u00a0Minuten\" \/>\n<script type=\"application\/ld+json\" class=\"yoast-schema-graph\">{\"@context\":\"https:\/\/schema.org\",\"@graph\":[{\"@type\":\"WebPage\",\"@id\":\"https:\/\/globdocuments.com\/product\/buy-counterfeit-money-at-counterfeit-doc-store\/\",\"url\":\"https:\/\/globdocuments.com\/product\/buy-counterfeit-money-at-counterfeit-doc-store\/\",\"name\":\"BUY COUNTERFEIT MONEY AT COUNTERFEIT DOC STORE Online | Glob Documents\",\"isPartOf\":{\"@id\":\"https:\/\/globdocuments.com\/#website\"},\"primaryImageOfPage\":{\"@id\":\"https:\/\/globdocuments.com\/product\/buy-counterfeit-money-at-counterfeit-doc-store\/#primaryimage\"},\"image\":{\"@id\":\"https:\/\/globdocuments.com\/product\/buy-counterfeit-money-at-counterfeit-doc-store\/#primaryimage\"},\"thumbnailUrl\":\"https:\/\/globdocuments.com\/wp-content\/uploads\/2021\/10\/1.png\",\"datePublished\":\"2021-10-04T06:59:32+00:00\",\"dateModified\":\"2025-06-15T16:26:48+00:00\",\"description\":\"Buy BUY COUNTERFEIT MONEY AT COUNTERFEIT DOC STORE online at globdocuments.com with safe and fast worldwide delivery at the best price. Check the best deals on fake documents!\",\"breadcrumb\":{\"@id\":\"https:\/\/globdocuments.com\/product\/buy-counterfeit-money-at-counterfeit-doc-store\/#breadcrumb\"},\"inLanguage\":\"de\",\"potentialAction\":[{\"@type\":\"ReadAction\",\"target\":[\"https:\/\/globdocuments.com\/product\/buy-counterfeit-money-at-counterfeit-doc-store\/\"]}]},{\"@type\":\"ImageObject\",\"inLanguage\":\"de\",\"@id\":\"https:\/\/globdocuments.com\/product\/buy-counterfeit-money-at-counterfeit-doc-store\/#primaryimage\",\"url\":\"https:\/\/globdocuments.com\/wp-content\/uploads\/2021\/10\/1.png\",\"contentUrl\":\"https:\/\/globdocuments.com\/wp-content\/uploads\/2021\/10\/1.png\",\"width\":450,\"height\":450,\"caption\":\"BUY COUNTERFEIT MONEY AT COUNTERFEIT DOC STORE\"},{\"@type\":\"BreadcrumbList\",\"@id\":\"https:\/\/globdocuments.com\/product\/buy-counterfeit-money-at-counterfeit-doc-store\/#breadcrumb\",\"itemListElement\":[{\"@type\":\"ListItem\",\"position\":1,\"name\":\"Shop\",\"item\":\"https:\/\/globdocuments.com\/shop\/\"},{\"@type\":\"ListItem\",\"position\":2,\"name\":\"BUY COUNTERFEIT MONEY AT COUNTERFEIT DOC STORE\"}]},{\"@type\":\"WebSite\",\"@id\":\"https:\/\/globdocuments.com\/#website\",\"url\":\"https:\/\/globdocuments.com\/\",\"name\":\"\",\"description\":\"Buy real fake documents online\",\"potentialAction\":[{\"@type\":\"SearchAction\",\"target\":{\"@type\":\"EntryPoint\",\"urlTemplate\":\"https:\/\/globdocuments.com\/?s={search_term_string}\"},\"query-input\":{\"@type\":\"PropertyValueSpecification\",\"valueRequired\":true,\"valueName\":\"search_term_string\"}}],\"inLanguage\":\"de\"}]}<\/script>\n<!-- \/ Yoast SEO plugin. -->","yoast_head_json":{"title":"BUY COUNTERFEIT MONEY AT COUNTERFEIT DOC STORE Online | Glob Documents","description":"Buy BUY COUNTERFEIT MONEY AT COUNTERFEIT DOC STORE online at globdocuments.com with safe and fast worldwide delivery at the best price. Check the best deals on fake documents!","robots":{"index":"index","follow":"follow","max-snippet":"max-snippet:-1","max-image-preview":"max-image-preview:large","max-video-preview":"max-video-preview:-1"},"canonical":"https:\/\/globdocuments.com\/de\/produkt\/buy-counterfeit-money-at-counterfeit-doc-store\/","og_locale":"de_DE","og_type":"article","og_title":"BUY COUNTERFEIT MONEY AT COUNTERFEIT DOC STORE Online | Glob Documents","og_description":"Buy BUY COUNTERFEIT MONEY AT COUNTERFEIT DOC STORE online at globdocuments.com with safe and fast worldwide delivery at the best price. Check the best deals on fake documents!","og_url":"https:\/\/globdocuments.com\/de\/produkt\/buy-counterfeit-money-at-counterfeit-doc-store\/","article_modified_time":"2025-06-15T16:26:48+00:00","og_image":[{"width":450,"height":450,"url":"https:\/\/globdocuments.com\/wp-content\/uploads\/2021\/10\/1.png","type":"image\/png"}],"twitter_card":"summary_large_image","twitter_misc":{"Gesch\u00e4tzte Lesezeit":"3\u00a0Minuten"},"schema":{"@context":"https:\/\/schema.org","@graph":[{"@type":"WebPage","@id":"https:\/\/globdocuments.com\/product\/buy-counterfeit-money-at-counterfeit-doc-store\/","url":"https:\/\/globdocuments.com\/product\/buy-counterfeit-money-at-counterfeit-doc-store\/","name":"BUY COUNTERFEIT MONEY AT COUNTERFEIT DOC STORE Online | Glob Documents","isPartOf":{"@id":"https:\/\/globdocuments.com\/#website"},"primaryImageOfPage":{"@id":"https:\/\/globdocuments.com\/product\/buy-counterfeit-money-at-counterfeit-doc-store\/#primaryimage"},"image":{"@id":"https:\/\/globdocuments.com\/product\/buy-counterfeit-money-at-counterfeit-doc-store\/#primaryimage"},"thumbnailUrl":"https:\/\/globdocuments.com\/wp-content\/uploads\/2021\/10\/1.png","datePublished":"2021-10-04T06:59:32+00:00","dateModified":"2025-06-15T16:26:48+00:00","description":"Buy BUY COUNTERFEIT MONEY AT COUNTERFEIT DOC STORE online at globdocuments.com with safe and fast worldwide delivery at the best price. Check the best deals on fake documents!","breadcrumb":{"@id":"https:\/\/globdocuments.com\/product\/buy-counterfeit-money-at-counterfeit-doc-store\/#breadcrumb"},"inLanguage":"de","potentialAction":[{"@type":"ReadAction","target":["https:\/\/globdocuments.com\/product\/buy-counterfeit-money-at-counterfeit-doc-store\/"]}]},{"@type":"ImageObject","inLanguage":"de","@id":"https:\/\/globdocuments.com\/product\/buy-counterfeit-money-at-counterfeit-doc-store\/#primaryimage","url":"https:\/\/globdocuments.com\/wp-content\/uploads\/2021\/10\/1.png","contentUrl":"https:\/\/globdocuments.com\/wp-content\/uploads\/2021\/10\/1.png","width":450,"height":450,"caption":"BUY COUNTERFEIT MONEY AT COUNTERFEIT DOC STORE"},{"@type":"BreadcrumbList","@id":"https:\/\/globdocuments.com\/product\/buy-counterfeit-money-at-counterfeit-doc-store\/#breadcrumb","itemListElement":[{"@type":"ListItem","position":1,"name":"Shop","item":"https:\/\/globdocuments.com\/shop\/"},{"@type":"ListItem","position":2,"name":"BUY COUNTERFEIT MONEY AT COUNTERFEIT DOC STORE"}]},{"@type":"WebSite","@id":"https:\/\/globdocuments.com\/#website","url":"https:\/\/globdocuments.com\/","name":"","description":"Echte gef\u00e4lschte Dokumente online kaufen","potentialAction":[{"@type":"SearchAction","target":{"@type":"EntryPoint","urlTemplate":"https:\/\/globdocuments.com\/?s={search_term_string}"},"query-input":{"@type":"PropertyValueSpecification","valueRequired":true,"valueName":"search_term_string"}}],"inLanguage":"de"}]}},"_links":{"self":[{"href":"https:\/\/globdocuments.com\/de\/wp-json\/wp\/v2\/product\/181","targetHints":{"allow":["GET"]}}],"collection":[{"href":"https:\/\/globdocuments.com\/de\/wp-json\/wp\/v2\/product"}],"about":[{"href":"https:\/\/globdocuments.com\/de\/wp-json\/wp\/v2\/types\/product"}],"replies":[{"embeddable":true,"href":"https:\/\/globdocuments.com\/de\/wp-json\/wp\/v2\/comments?post=181"}],"wp:featuredmedia":[{"embeddable":true,"href":"https:\/\/globdocuments.com\/de\/wp-json\/wp\/v2\/media\/197"}],"wp:attachment":[{"href":"https:\/\/globdocuments.com\/de\/wp-json\/wp\/v2\/media?parent=181"}],"wp:term":[{"taxonomy":"product_brand","embeddable":true,"href":"https:\/\/globdocuments.com\/de\/wp-json\/wp\/v2\/product_brand?post=181"},{"taxonomy":"product_cat","embeddable":true,"href":"https:\/\/globdocuments.com\/de\/wp-json\/wp\/v2\/product_cat?post=181"},{"taxonomy":"product_tag","embeddable":true,"href":"https:\/\/globdocuments.com\/de\/wp-json\/wp\/v2\/product_tag?post=181"}],"curies":[{"name":"wp","href":"https:\/\/api.w.org\/{rel}","templated":true}]}}