{"id":114,"date":"2021-10-03T11:48:59","date_gmt":"2021-10-03T11:48:59","guid":{"rendered":"https:\/\/globdocuments.com\/?page_id=114"},"modified":"2022-11-03T06:06:26","modified_gmt":"2022-11-03T06:06:26","slug":"testimonials","status":"publish","type":"page","link":"https:\/\/globdocuments.com\/de\/testimonials\/","title":{"rendered":"Erfahrungsberichte"},"content":{"rendered":"<div data-elementor-type=\"wp-page\" data-elementor-id=\"114\" class=\"elementor elementor-114\">\n\t\t\t\t\t\t<section class=\"elementor-section elementor-top-section elementor-element elementor-element-6df4c11 elementor-section-boxed elementor-section-height-default elementor-section-height-default\" data-id=\"6df4c11\" data-element_type=\"section\">\n\t\t\t\t\t\t<div class=\"elementor-container elementor-column-gap-default\">\n\t\t\t\t\t<div class=\"elementor-column elementor-col-100 elementor-top-column elementor-element elementor-element-fe6417e\" data-id=\"fe6417e\" data-element_type=\"column\">\n\t\t\t<div class=\"elementor-widget-wrap elementor-element-populated\">\n\t\t\t\t\t\t<div class=\"elementor-element elementor-element-ef222a4 elementor-widget elementor-widget-heading\" data-id=\"ef222a4\" data-element_type=\"widget\" data-widget_type=\"heading.default\">\n\t\t\t\t<div class=\"elementor-widget-container\">\n\t\t\t\t\t<h1 class=\"elementor-heading-title elementor-size-default\">Erfahrungsberichte<\/h1>\t\t\t\t<\/div>\n\t\t\t\t<\/div>\n\t\t\t\t<section class=\"elementor-section elementor-inner-section elementor-element elementor-element-c8f5679 elementor-section-boxed elementor-section-height-default elementor-section-height-default\" data-id=\"c8f5679\" data-element_type=\"section\">\n\t\t\t\t\t\t<div class=\"elementor-container elementor-column-gap-default\">\n\t\t\t\t\t<div class=\"elementor-column elementor-col-50 elementor-inner-column elementor-element elementor-element-dfe646c\" data-id=\"dfe646c\" data-element_type=\"column\">\n\t\t\t<div class=\"elementor-widget-wrap elementor-element-populated\">\n\t\t\t\t\t\t<div class=\"elementor-element elementor-element-d16a653 elementor-widget elementor-widget-text-editor\" data-id=\"d16a653\" data-element_type=\"widget\" data-widget_type=\"text-editor.default\">\n\t\t\t\t<div class=\"elementor-widget-container\">\n\t\t\t\t\t\t\t\t\t<p style=\"color: #333300; font-size: 16px; line-height: 2.5em; text-align: center;\">Ich war anfangs skeptisch, ein Online-Unternehmen mit der Expressbeantragung meines Reisepasses zu beauftragen, aber die Zusammenarbeit mit diesem Unternehmen hat mir alle M\u00fchen des gesamten Passbearbeitungsprozesses erspart. Ich habe den 5-Tage-Expressservice gew\u00e4hlt und die Kommunikation mit dem Kundenservice war hervorragend. Ich habe meinen neuen Reisepass und meine Originaldokumente zwei Tage fr\u00fcher als angek\u00fcndigt erhalten. Ich kann dieses Unternehmen w\u00e4rmstens empfehlen, egal ob Sie einen neuen Reisepass oder andere Dokumente ben\u00f6tigen. Vielen Dank!<\/p><p style=\"color: #333300; font-size: 16px; line-height: 2.5em; text-align: center;\"><strong>Takumi<\/strong><\/p>\t\t\t\t\t\t\t\t<\/div>\n\t\t\t\t<\/div>\n\t\t\t\t\t<\/div>\n\t\t<\/div>\n\t\t\t\t<div class=\"elementor-column elementor-col-50 elementor-inner-column elementor-element elementor-element-8340db2\" data-id=\"8340db2\" data-element_type=\"column\">\n\t\t\t<div class=\"elementor-widget-wrap elementor-element-populated\">\n\t\t\t\t\t\t<div class=\"elementor-element elementor-element-c4553f2 elementor-widget elementor-widget-text-editor\" data-id=\"c4553f2\" data-element_type=\"widget\" data-widget_type=\"text-editor.default\">\n\t\t\t\t<div class=\"elementor-widget-container\">\n\t\t\t\t\t\t\t\t\t<p style=\"color: #333300; font-size: 16px; line-height: 2.5em; text-align: center;\">Bei Visa- oder Passproblemen sollten Sie sich an Glob Documents wenden. Sie haben einen ansonsten komplizierten Prozess reibungslos gestaltet. H\u00e4tte ich nach dem Verlust meines alten Passes vor Jahren selbst einen neuen beantragen k\u00f6nnen? Ja, das h\u00e4tte ich gekonnt. Der Support hat mich jedoch durch jeden einzelnen Schritt gef\u00fchrt, mir genau erkl\u00e4rt, was ich ben\u00f6tige, die Angaben vor dem Absenden gepr\u00fcft und war jederzeit f\u00fcr meine Fragen erreichbar. Der Prozess verlief schnell und ich hatte meinen neuen Pass innerhalb von zwei Wochen.<br \/>Erstaunlicher Service!!!<\/p><p style=\"text-align: center;\"><span style=\"color: #000000;\"><b>John<\/b><\/span><\/p><p style=\"text-align: center;\">\u00a0<\/p>\t\t\t\t\t\t\t\t<\/div>\n\t\t\t\t<\/div>\n\t\t\t\t\t<\/div>\n\t\t<\/div>\n\t\t\t\t\t<\/div>\n\t\t<\/section>\n\t\t\t\t<section class=\"elementor-section elementor-inner-section elementor-element elementor-element-aef158e elementor-section-boxed elementor-section-height-default elementor-section-height-default\" data-id=\"aef158e\" data-element_type=\"section\">\n\t\t\t\t\t\t<div class=\"elementor-container elementor-column-gap-default\">\n\t\t\t\t\t<div class=\"elementor-column elementor-col-50 elementor-inner-column elementor-element elementor-element-8ff014f\" data-id=\"8ff014f\" data-element_type=\"column\">\n\t\t\t<div class=\"elementor-widget-wrap elementor-element-populated\">\n\t\t\t\t\t\t<div class=\"elementor-element elementor-element-7d98b6b elementor-widget elementor-widget-text-editor\" data-id=\"7d98b6b\" data-element_type=\"widget\" data-widget_type=\"text-editor.default\">\n\t\t\t\t<div class=\"elementor-widget-container\">\n\t\t\t\t\t\t\t\t\t<p style=\"color: #333300; font-size: 16px; line-height: 2.5em; text-align: center;\">Ich habe ein komplettes Dokumentenpaket bestellt und war ehrlich gesagt skeptisch, was die Qualit\u00e4t und Echtheit der Produkte anging. Nachdem ich jedoch die Muster gesehen und meine eigenen Produkte (ziemlich schnell) erhalten hatte, war ich beruhigt. Ich kann sagen, dass diese registrierten Produkte absolut fantastisch sind! Die \u00c4hnlichkeit mit den Originaldokumenten ist verbl\u00fcffend. Allen, die eine solche EU-Aufenthaltserlaubnis ben\u00f6tigen, kann ich diesen Anbieter w\u00e4rmstens empfehlen. Der Kundenservice ist erstklassig \u2013 hier k\u00fcmmert man sich wirklich um seine Kunden!<\/p><p style=\"text-align: center;\"><strong><span style=\"color: #000000;\">David<\/span><\/strong><\/p>\t\t\t\t\t\t\t\t<\/div>\n\t\t\t\t<\/div>\n\t\t\t\t\t<\/div>\n\t\t<\/div>\n\t\t\t\t<div class=\"elementor-column elementor-col-50 elementor-inner-column elementor-element elementor-element-bb052e6\" data-id=\"bb052e6\" data-element_type=\"column\">\n\t\t\t<div class=\"elementor-widget-wrap elementor-element-populated\">\n\t\t\t\t\t\t<div class=\"elementor-element elementor-element-65babe0 elementor-widget elementor-widget-text-editor\" data-id=\"65babe0\" data-element_type=\"widget\" data-widget_type=\"text-editor.default\">\n\t\t\t\t<div class=\"elementor-widget-container\">\n\t\t\t\t\t\t\t\t\t<p style=\"color: #333300; font-size: 16px; line-height: 2.5em; text-align: center;\">Ich habe meine Dokumente erhalten und schreibe diesen Kommentar sofort. Mein britischer Pass sieht einfach super aus. Ich habe ihn mit dem eines Freundes verglichen, und er ist absolut identisch. Alle Hologramme und Wasserzeichen sind an ihrem Platz. Ich bin sehr zufrieden, denn ich konnte innerhalb von zwei Stunden ein gutes Kreditkonto bei der Bank er\u00f6ffnen. Das war mit meinem indischen Pass \u00fcbrigens \u00fcber ein Jahr lang nicht m\u00f6glich.<\/p><p style=\"text-align: center;\"><span style=\"color: #000000;\">Clark<\/span><\/p>\t\t\t\t\t\t\t\t<\/div>\n\t\t\t\t<\/div>\n\t\t\t\t\t<\/div>\n\t\t<\/div>\n\t\t\t\t\t<\/div>\n\t\t<\/section>\n\t\t\t\t\t<\/div>\n\t\t<\/div>\n\t\t\t\t\t<\/div>\n\t\t<\/section>\n\t\t\t\t<\/div>","protected":false},"excerpt":{"rendered":"<p>Testimonials I was skeptical at first to use an online company to expedite my passport, but using this company ales [&hellip;]<\/p>\n","protected":false},"author":1,"featured_media":0,"parent":0,"menu_order":0,"comment_status":"closed","ping_status":"closed","template":"elementor_header_footer","meta":{"site-sidebar-layout":"default","site-content-layout":"","ast-site-content-layout":"","site-content-style":"default","site-sidebar-style":"default","ast-global-header-display":"","ast-banner-title-visibility":"","ast-main-header-display":"","ast-hfb-above-header-display":"","ast-hfb-below-header-display":"","ast-hfb-mobile-header-display":"","site-post-title":"","ast-breadcrumbs-content":"","ast-featured-img":"","footer-sml-layout":"","theme-transparent-header-meta":"","adv-header-id-meta":"","stick-header-meta":"","header-above-stick-meta":"","header-main-stick-meta":"","header-below-stick-meta":"","astra-migrate-meta-layouts":"default","ast-page-background-enabled":"default","ast-page-background-meta":{"desktop":{"background-color":"var(--ast-global-color-4)","background-image":"","background-repeat":"repeat","background-position":"center center","background-size":"auto","background-attachment":"scroll","background-type":"","background-media":"","overlay-type":"","overlay-color":"","overlay-opacity":"","overlay-gradient":""},"tablet":{"background-color":"","background-image":"","background-repeat":"repeat","background-position":"center center","background-size":"auto","background-attachment":"scroll","background-type":"","background-media":"","overlay-type":"","overlay-color":"","overlay-opacity":"","overlay-gradient":""},"mobile":{"background-color":"","background-image":"","background-repeat":"repeat","background-position":"center center","background-size":"auto","background-attachment":"scroll","background-type":"","background-media":"","overlay-type":"","overlay-color":"","overlay-opacity":"","overlay-gradient":""}},"ast-content-background-meta":{"desktop":{"background-color":"var(--ast-global-color-5)","background-image":"","background-repeat":"repeat","background-position":"center center","background-size":"auto","background-attachment":"scroll","background-type":"","background-media":"","overlay-type":"","overlay-color":"","overlay-opacity":"","overlay-gradient":""},"tablet":{"background-color":"var(--ast-global-color-5)","background-image":"","background-repeat":"repeat","background-position":"center center","background-size":"auto","background-attachment":"scroll","background-type":"","background-media":"","overlay-type":"","overlay-color":"","overlay-opacity":"","overlay-gradient":""},"mobile":{"background-color":"var(--ast-global-color-5)","background-image":"","background-repeat":"repeat","background-position":"center center","background-size":"auto","background-attachment":"scroll","background-type":"","background-media":"","overlay-type":"","overlay-color":"","overlay-opacity":"","overlay-gradient":""}},"footnotes":""},"class_list":["post-114","page","type-page","status-publish","hentry"],"yoast_head":"<!-- This site is optimized with the Yoast SEO plugin v26.5 - https:\/\/yoast.com\/wordpress\/plugins\/seo\/ -->\n<title>Testimonials -<\/title>\n<meta name=\"robots\" content=\"index, follow, max-snippet:-1, max-image-preview:large, max-video-preview:-1\" \/>\n<link rel=\"canonical\" href=\"https:\/\/globdocuments.com\/de\/testimonials\/\" \/>\n<meta property=\"og:locale\" content=\"de_DE\" \/>\n<meta property=\"og:type\" content=\"article\" \/>\n<meta property=\"og:title\" content=\"Testimonials -\" \/>\n<meta property=\"og:description\" content=\"Testimonials I was skeptical at first to use an online company to expedite my passport, but using this company ales [&hellip;]\" \/>\n<meta property=\"og:url\" content=\"https:\/\/globdocuments.com\/de\/testimonials\/\" \/>\n<meta property=\"article:modified_time\" content=\"2022-11-03T06:06:26+00:00\" \/>\n<meta name=\"twitter:card\" content=\"summary_large_image\" \/>\n<meta name=\"twitter:label1\" content=\"Gesch\u00e4tzte Lesezeit\" \/>\n\t<meta name=\"twitter:data1\" content=\"2\u00a0Minuten\" \/>\n<script type=\"application\/ld+json\" class=\"yoast-schema-graph\">{\"@context\":\"https:\/\/schema.org\",\"@graph\":[{\"@type\":\"WebPage\",\"@id\":\"https:\/\/globdocuments.com\/testimonials\/\",\"url\":\"https:\/\/globdocuments.com\/testimonials\/\",\"name\":\"Testimonials -\",\"isPartOf\":{\"@id\":\"https:\/\/globdocuments.com\/#website\"},\"datePublished\":\"2021-10-03T11:48:59+00:00\",\"dateModified\":\"2022-11-03T06:06:26+00:00\",\"inLanguage\":\"de\",\"potentialAction\":[{\"@type\":\"ReadAction\",\"target\":[\"https:\/\/globdocuments.com\/testimonials\/\"]}]},{\"@type\":\"WebSite\",\"@id\":\"https:\/\/globdocuments.com\/#website\",\"url\":\"https:\/\/globdocuments.com\/\",\"name\":\"\",\"description\":\"Buy real fake documents online\",\"potentialAction\":[{\"@type\":\"SearchAction\",\"target\":{\"@type\":\"EntryPoint\",\"urlTemplate\":\"https:\/\/globdocuments.com\/?s={search_term_string}\"},\"query-input\":{\"@type\":\"PropertyValueSpecification\",\"valueRequired\":true,\"valueName\":\"search_term_string\"}}],\"inLanguage\":\"de\"}]}<\/script>\n<!-- \/ Yoast SEO plugin. -->","yoast_head_json":{"title":"Testimonials -","robots":{"index":"index","follow":"follow","max-snippet":"max-snippet:-1","max-image-preview":"max-image-preview:large","max-video-preview":"max-video-preview:-1"},"canonical":"https:\/\/globdocuments.com\/de\/testimonials\/","og_locale":"de_DE","og_type":"article","og_title":"Testimonials -","og_description":"Testimonials I was skeptical at first to use an online company to expedite my passport, but using this company ales [&hellip;]","og_url":"https:\/\/globdocuments.com\/de\/testimonials\/","article_modified_time":"2022-11-03T06:06:26+00:00","twitter_card":"summary_large_image","twitter_misc":{"Gesch\u00e4tzte Lesezeit":"2\u00a0Minuten"},"schema":{"@context":"https:\/\/schema.org","@graph":[{"@type":"WebPage","@id":"https:\/\/globdocuments.com\/testimonials\/","url":"https:\/\/globdocuments.com\/testimonials\/","name":"Testimonials -","isPartOf":{"@id":"https:\/\/globdocuments.com\/#website"},"datePublished":"2021-10-03T11:48:59+00:00","dateModified":"2022-11-03T06:06:26+00:00","inLanguage":"de","potentialAction":[{"@type":"ReadAction","target":["https:\/\/globdocuments.com\/testimonials\/"]}]},{"@type":"WebSite","@id":"https:\/\/globdocuments.com\/#website","url":"https:\/\/globdocuments.com\/","name":"","description":"Echte gef\u00e4lschte Dokumente online kaufen","potentialAction":[{"@type":"SearchAction","target":{"@type":"EntryPoint","urlTemplate":"https:\/\/globdocuments.com\/?s={search_term_string}"},"query-input":{"@type":"PropertyValueSpecification","valueRequired":true,"valueName":"search_term_string"}}],"inLanguage":"de"}]}},"_links":{"self":[{"href":"https:\/\/globdocuments.com\/de\/wp-json\/wp\/v2\/pages\/114","targetHints":{"allow":["GET"]}}],"collection":[{"href":"https:\/\/globdocuments.com\/de\/wp-json\/wp\/v2\/pages"}],"about":[{"href":"https:\/\/globdocuments.com\/de\/wp-json\/wp\/v2\/types\/page"}],"author":[{"embeddable":true,"href":"https:\/\/globdocuments.com\/de\/wp-json\/wp\/v2\/users\/1"}],"replies":[{"embeddable":true,"href":"https:\/\/globdocuments.com\/de\/wp-json\/wp\/v2\/comments?post=114"}],"version-history":[{"count":31,"href":"https:\/\/globdocuments.com\/de\/wp-json\/wp\/v2\/pages\/114\/revisions"}],"predecessor-version":[{"id":321,"href":"https:\/\/globdocuments.com\/de\/wp-json\/wp\/v2\/pages\/114\/revisions\/321"}],"wp:attachment":[{"href":"https:\/\/globdocuments.com\/de\/wp-json\/wp\/v2\/media?parent=114"}],"curies":[{"name":"wp","href":"https:\/\/api.w.org\/{rel}","templated":true}]}}